{"id":1631,"date":"2023-10-29T16:22:28","date_gmt":"2023-10-29T16:22:28","guid":{"rendered":"https:\/\/torille.net\/?post_type=product&#038;p=1631"},"modified":"2025-04-06T10:34:00","modified_gmt":"2025-04-06T10:34:00","slug":"kopparberg-wildberries-premium-premium-cider-45-24x50cl","status":"publish","type":"product","link":"https:\/\/torille.net\/et\/toode\/kopparberg-wildberries-premium-premium-cider-45-24x50cl\/","title":{"rendered":"Kopparberg Wildberries Premium Premium Cider 4,5% 24x50cl"},"content":{"rendered":"<p>Kopparberg Wildberries Premium Cider, mille alkoholisisaldus on 4,5% ja pakendatud luksuslikesse 50cl pudelitesse, on k\u00fctkestavalt maitsev ja v\u00e4rskendav \u00f5unasiidrile lisatud marjade segu. Selle kvaliteetse siidri valmistamisel on kasutatud ainult parimaid \u00f5unu, millele on lisatud metsikute marjade ekstrakte, andes joogile rikkaliku ja intensiivse maitse. Kopparberg Wildberries on tasakaalustatud kerge magususe, v\u00e4rskuse ja looduslike marjade maitsebuketiga. See on suurep\u00e4rane valik neile, kes hindavad kvaliteetset siidrit, mis pakub nauditavat elamust. 24-pakend tagab piisava varu, et jagada seda maitsvat kogemust s\u00f5prade ja l\u00e4hedastega.<\/p>\n","protected":false},"excerpt":{"rendered":"<p>Kopparberg Wildberries Premium Cider, 4,5%, 24x50cl pudelis, on kvaliteetne ja v\u00e4rskendav \u00f5unasiider, millele on lisatud metsikute marjade segu. Kerge magusus ja looduslike marjade intensiivne maitse muudavad selle suurep\u00e4raseks valikuks neile, kes hindavad kvaliteetset ja nauditavat siidrit.<\/p>\n","protected":false},"featured_media":1632,"template":"","meta":{"site-sidebar-layout":"default","site-content-layout":"","ast-site-content-layout":"default","site-content-style":"default","site-sidebar-style":"default","ast-global-header-display":"","ast-banner-title-visibility":"","ast-main-header-display":"","ast-hfb-above-header-display":"","ast-hfb-below-header-display":"","ast-hfb-mobile-header-display":"","site-post-title":"","ast-breadcrumbs-content":"","ast-featured-img":"","footer-sml-layout":"","ast-disable-related-posts":"","theme-transparent-header-meta":"default","adv-header-id-meta":"","stick-header-meta":"default","header-above-stick-meta":"","header-main-stick-meta":"","header-below-stick-meta":"","astra-migrate-meta-layouts":"set","ast-page-background-enabled":"default","ast-page-background-meta":{"desktop":{"background-color":"","background-image":"","background-repeat":"repeat","background-position":"center center","background-size":"auto","background-attachment":"scroll","background-type":"","background-media":"","overlay-type":"","overlay-color":"","overlay-opacity":"","overlay-gradient":""},"tablet":{"background-color":"","background-image":"","background-repeat":"repeat","background-position":"center center","background-size":"auto","background-attachment":"scroll","background-type":"","background-media":"","overlay-type":"","overlay-color":"","overlay-opacity":"","overlay-gradient":""},"mobile":{"background-color":"","background-image":"","background-repeat":"repeat","background-position":"center center","background-size":"auto","background-attachment":"scroll","background-type":"","background-media":"","overlay-type":"","overlay-color":"","overlay-opacity":"","overlay-gradient":""}},"ast-content-background-meta":{"desktop":{"background-color":"var(--ast-global-color-5)","background-image":"","background-repeat":"repeat","background-position":"center center","background-size":"auto","background-attachment":"scroll","background-type":"","background-media":"","overlay-type":"","overlay-color":"","overlay-opacity":"","overlay-gradient":""},"tablet":{"background-color":"var(--ast-global-color-5)","background-image":"","background-repeat":"repeat","background-position":"center center","background-size":"auto","background-attachment":"scroll","background-type":"","background-media":"","overlay-type":"","overlay-color":"","overlay-opacity":"","overlay-gradient":""},"mobile":{"background-color":"var(--ast-global-color-5)","background-image":"","background-repeat":"repeat","background-position":"center center","background-size":"auto","background-attachment":"scroll","background-type":"","background-media":"","overlay-type":"","overlay-color":"","overlay-opacity":"","overlay-gradient":""}}},"product_brand":[],"product_cat":[19],"product_tag":[107,221,140,162,204,205,94,208,136,206],"class_list":{"0":"post-1631","1":"product","2":"type-product","3":"status-publish","4":"has-post-thumbnail","6":"product_cat-siidrid-ja-longerod","7":"product_tag-24-pulloa","8":"product_tag-33cl","9":"product_tag-4-5","10":"product_tag-alkoholijuoma","11":"product_tag-kopparberg","12":"product_tag-marjasiideri","13":"product_tag-premium","14":"product_tag-ruotsalainen","15":"product_tag-siideri","16":"product_tag-villit-marjat","17":"desktop-align-left","18":"tablet-align-left","19":"mobile-align-left","20":"ast-product-gallery-layout-vertical","21":"ast-product-gallery-with-no-image","22":"ast-product-tabs-layout-accordion","23":"ast-qv-on-image","25":"first","26":"instock","27":"taxable","28":"shipping-taxable","29":"purchasable","30":"product-type-simple"},"yoast_head":"<!-- This site is optimized with the Yoast SEO plugin v27.4 - https:\/\/yoast.com\/product\/yoast-seo-wordpress\/ -->\n<title>Kopparberg Wildberries Premium Premium Cider 4,5% 24x50cl -<\/title>\n<meta name=\"robots\" content=\"index, follow, max-snippet:-1, max-image-preview:large, max-video-preview:-1\" \/>\n<link rel=\"canonical\" href=\"https:\/\/torille.net\/et\/toode\/kopparberg-wildberries-premium-premium-cider-45-24x50cl\/\" \/>\n<meta property=\"og:locale\" content=\"et_EE\" \/>\n<meta property=\"og:type\" content=\"article\" \/>\n<meta property=\"og:title\" content=\"Kopparberg Wildberries Premium Premium Cider 4,5% 24x50cl -\" \/>\n<meta property=\"og:description\" content=\"Kopparberg Wildberries Premium Cider, 4,5%, 24x50cl pudelis, on kvaliteetne ja v\u00e4rskendav \u00f5unasiider, millele on lisatud metsikute marjade segu. Kerge magusus ja looduslike marjade intensiivne maitse muudavad selle suurep\u00e4raseks valikuks neile, kes hindavad kvaliteetset ja nauditavat siidrit.\" \/>\n<meta property=\"og:url\" content=\"https:\/\/torille.net\/et\/toode\/kopparberg-wildberries-premium-premium-cider-45-24x50cl\/\" \/>\n<meta property=\"article:modified_time\" content=\"2025-04-06T10:34:00+00:00\" \/>\n<meta property=\"og:image\" content=\"https:\/\/torille.net\/wp-content\/uploads\/WildBerries-Kopparberg05-11.png\" \/>\n\t<meta property=\"og:image:width\" content=\"800\" \/>\n\t<meta property=\"og:image:height\" content=\"800\" \/>\n\t<meta property=\"og:image:type\" content=\"image\/png\" \/>\n<meta name=\"twitter:card\" content=\"summary_large_image\" \/>\n<script type=\"application\/ld+json\" class=\"yoast-schema-graph\">{\"@context\":\"https:\\\/\\\/schema.org\",\"@graph\":[{\"@type\":\"WebPage\",\"@id\":\"https:\\\/\\\/torille.net\\\/et\\\/toode\\\/kopparberg-wildberries-premium-premium-cider-45-24x50cl\\\/\",\"url\":\"https:\\\/\\\/torille.net\\\/et\\\/toode\\\/kopparberg-wildberries-premium-premium-cider-45-24x50cl\\\/\",\"name\":\"Kopparberg Wildberries Premium Premium Cider 4,5% 24x50cl -\",\"isPartOf\":{\"@id\":\"https:\\\/\\\/torille.net\\\/#website\"},\"primaryImageOfPage\":{\"@id\":\"https:\\\/\\\/torille.net\\\/et\\\/toode\\\/kopparberg-wildberries-premium-premium-cider-45-24x50cl\\\/#primaryimage\"},\"image\":{\"@id\":\"https:\\\/\\\/torille.net\\\/et\\\/toode\\\/kopparberg-wildberries-premium-premium-cider-45-24x50cl\\\/#primaryimage\"},\"thumbnailUrl\":\"https:\\\/\\\/torille.net\\\/wp-content\\\/uploads\\\/WildBerries-Kopparberg05-11.png\",\"datePublished\":\"2023-10-29T16:22:28+00:00\",\"dateModified\":\"2025-04-06T10:34:00+00:00\",\"breadcrumb\":{\"@id\":\"https:\\\/\\\/torille.net\\\/et\\\/toode\\\/kopparberg-wildberries-premium-premium-cider-45-24x50cl\\\/#breadcrumb\"},\"inLanguage\":\"et\",\"potentialAction\":[{\"@type\":\"ReadAction\",\"target\":[\"https:\\\/\\\/torille.net\\\/et\\\/toode\\\/kopparberg-wildberries-premium-premium-cider-45-24x50cl\\\/\"]}]},{\"@type\":\"ImageObject\",\"inLanguage\":\"et\",\"@id\":\"https:\\\/\\\/torille.net\\\/et\\\/toode\\\/kopparberg-wildberries-premium-premium-cider-45-24x50cl\\\/#primaryimage\",\"url\":\"https:\\\/\\\/torille.net\\\/wp-content\\\/uploads\\\/WildBerries-Kopparberg05-11.png\",\"contentUrl\":\"https:\\\/\\\/torille.net\\\/wp-content\\\/uploads\\\/WildBerries-Kopparberg05-11.png\",\"width\":800,\"height\":800},{\"@type\":\"BreadcrumbList\",\"@id\":\"https:\\\/\\\/torille.net\\\/et\\\/toode\\\/kopparberg-wildberries-premium-premium-cider-45-24x50cl\\\/#breadcrumb\",\"itemListElement\":[{\"@type\":\"ListItem\",\"position\":1,\"name\":\"Home\",\"item\":\"https:\\\/\\\/torille.net\\\/et\\\/\"},{\"@type\":\"ListItem\",\"position\":2,\"name\":\"Pood\",\"item\":\"https:\\\/\\\/torille.net\\\/et\\\/home\\\/https-torille-net\\\/\"},{\"@type\":\"ListItem\",\"position\":3,\"name\":\"Kopparberg Wildberries Premium Premium Cider 4,5% 24x50cl\"}]},{\"@type\":\"WebSite\",\"@id\":\"https:\\\/\\\/torille.net\\\/#website\",\"url\":\"https:\\\/\\\/torille.net\\\/\",\"name\":\"Torille.net\",\"description\":\"Torille.net Alkojuomat\",\"publisher\":{\"@id\":\"https:\\\/\\\/torille.net\\\/#organization\"},\"potentialAction\":[{\"@type\":\"SearchAction\",\"target\":{\"@type\":\"EntryPoint\",\"urlTemplate\":\"https:\\\/\\\/torille.net\\\/?s={search_term_string}\"},\"query-input\":{\"@type\":\"PropertyValueSpecification\",\"valueRequired\":true,\"valueName\":\"search_term_string\"}}],\"inLanguage\":\"et\"},{\"@type\":\"Organization\",\"@id\":\"https:\\\/\\\/torille.net\\\/#organization\",\"name\":\"Torille\",\"url\":\"https:\\\/\\\/torille.net\\\/\",\"logo\":{\"@type\":\"ImageObject\",\"inLanguage\":\"et\",\"@id\":\"https:\\\/\\\/torille.net\\\/#\\\/schema\\\/logo\\\/image\\\/\",\"url\":\"https:\\\/\\\/torille.net\\\/wp-content\\\/uploads\\\/cropped-TOrille-logo-c1-1.png\",\"contentUrl\":\"https:\\\/\\\/torille.net\\\/wp-content\\\/uploads\\\/cropped-TOrille-logo-c1-1.png\",\"width\":1296,\"height\":1080,\"caption\":\"Torille\"},\"image\":{\"@id\":\"https:\\\/\\\/torille.net\\\/#\\\/schema\\\/logo\\\/image\\\/\"}}]}<\/script>\n<!-- \/ Yoast SEO plugin. -->","yoast_head_json":{"title":"Kopparberg Wildberries Premium Premium Cider 4,5% 24x50cl -","robots":{"index":"index","follow":"follow","max-snippet":"max-snippet:-1","max-image-preview":"max-image-preview:large","max-video-preview":"max-video-preview:-1"},"canonical":"https:\/\/torille.net\/et\/toode\/kopparberg-wildberries-premium-premium-cider-45-24x50cl\/","og_locale":"et_EE","og_type":"article","og_title":"Kopparberg Wildberries Premium Premium Cider 4,5% 24x50cl -","og_description":"Kopparberg Wildberries Premium Cider, 4,5%, 24x50cl pudelis, on kvaliteetne ja v\u00e4rskendav \u00f5unasiider, millele on lisatud metsikute marjade segu. Kerge magusus ja looduslike marjade intensiivne maitse muudavad selle suurep\u00e4raseks valikuks neile, kes hindavad kvaliteetset ja nauditavat siidrit.","og_url":"https:\/\/torille.net\/et\/toode\/kopparberg-wildberries-premium-premium-cider-45-24x50cl\/","article_modified_time":"2025-04-06T10:34:00+00:00","og_image":[{"width":800,"height":800,"url":"https:\/\/torille.net\/wp-content\/uploads\/WildBerries-Kopparberg05-11.png","type":"image\/png"}],"twitter_card":"summary_large_image","schema":{"@context":"https:\/\/schema.org","@graph":[{"@type":"WebPage","@id":"https:\/\/torille.net\/et\/toode\/kopparberg-wildberries-premium-premium-cider-45-24x50cl\/","url":"https:\/\/torille.net\/et\/toode\/kopparberg-wildberries-premium-premium-cider-45-24x50cl\/","name":"Kopparberg Wildberries Premium Premium Cider 4,5% 24x50cl -","isPartOf":{"@id":"https:\/\/torille.net\/#website"},"primaryImageOfPage":{"@id":"https:\/\/torille.net\/et\/toode\/kopparberg-wildberries-premium-premium-cider-45-24x50cl\/#primaryimage"},"image":{"@id":"https:\/\/torille.net\/et\/toode\/kopparberg-wildberries-premium-premium-cider-45-24x50cl\/#primaryimage"},"thumbnailUrl":"https:\/\/torille.net\/wp-content\/uploads\/WildBerries-Kopparberg05-11.png","datePublished":"2023-10-29T16:22:28+00:00","dateModified":"2025-04-06T10:34:00+00:00","breadcrumb":{"@id":"https:\/\/torille.net\/et\/toode\/kopparberg-wildberries-premium-premium-cider-45-24x50cl\/#breadcrumb"},"inLanguage":"et","potentialAction":[{"@type":"ReadAction","target":["https:\/\/torille.net\/et\/toode\/kopparberg-wildberries-premium-premium-cider-45-24x50cl\/"]}]},{"@type":"ImageObject","inLanguage":"et","@id":"https:\/\/torille.net\/et\/toode\/kopparberg-wildberries-premium-premium-cider-45-24x50cl\/#primaryimage","url":"https:\/\/torille.net\/wp-content\/uploads\/WildBerries-Kopparberg05-11.png","contentUrl":"https:\/\/torille.net\/wp-content\/uploads\/WildBerries-Kopparberg05-11.png","width":800,"height":800},{"@type":"BreadcrumbList","@id":"https:\/\/torille.net\/et\/toode\/kopparberg-wildberries-premium-premium-cider-45-24x50cl\/#breadcrumb","itemListElement":[{"@type":"ListItem","position":1,"name":"Home","item":"https:\/\/torille.net\/et\/"},{"@type":"ListItem","position":2,"name":"Pood","item":"https:\/\/torille.net\/et\/home\/https-torille-net\/"},{"@type":"ListItem","position":3,"name":"Kopparberg Wildberries Premium Premium Cider 4,5% 24x50cl"}]},{"@type":"WebSite","@id":"https:\/\/torille.net\/#website","url":"https:\/\/torille.net\/","name":"Torille.net","description":"Torille.net Alkojuomat","publisher":{"@id":"https:\/\/torille.net\/#organization"},"potentialAction":[{"@type":"SearchAction","target":{"@type":"EntryPoint","urlTemplate":"https:\/\/torille.net\/?s={search_term_string}"},"query-input":{"@type":"PropertyValueSpecification","valueRequired":true,"valueName":"search_term_string"}}],"inLanguage":"et"},{"@type":"Organization","@id":"https:\/\/torille.net\/#organization","name":"Torille","url":"https:\/\/torille.net\/","logo":{"@type":"ImageObject","inLanguage":"et","@id":"https:\/\/torille.net\/#\/schema\/logo\/image\/","url":"https:\/\/torille.net\/wp-content\/uploads\/cropped-TOrille-logo-c1-1.png","contentUrl":"https:\/\/torille.net\/wp-content\/uploads\/cropped-TOrille-logo-c1-1.png","width":1296,"height":1080,"caption":"Torille"},"image":{"@id":"https:\/\/torille.net\/#\/schema\/logo\/image\/"}}]}},"_links":{"self":[{"href":"https:\/\/torille.net\/et\/wp-json\/wp\/v2\/product\/1631","targetHints":{"allow":["GET"]}}],"collection":[{"href":"https:\/\/torille.net\/et\/wp-json\/wp\/v2\/product"}],"about":[{"href":"https:\/\/torille.net\/et\/wp-json\/wp\/v2\/types\/product"}],"version-history":[{"count":2,"href":"https:\/\/torille.net\/et\/wp-json\/wp\/v2\/product\/1631\/revisions"}],"predecessor-version":[{"id":3593,"href":"https:\/\/torille.net\/et\/wp-json\/wp\/v2\/product\/1631\/revisions\/3593"}],"wp:featuredmedia":[{"embeddable":true,"href":"https:\/\/torille.net\/et\/wp-json\/wp\/v2\/media\/1632"}],"wp:attachment":[{"href":"https:\/\/torille.net\/et\/wp-json\/wp\/v2\/media?parent=1631"}],"wp:term":[{"taxonomy":"product_brand","embeddable":true,"href":"https:\/\/torille.net\/et\/wp-json\/wp\/v2\/product_brand?post=1631"},{"taxonomy":"product_cat","embeddable":true,"href":"https:\/\/torille.net\/et\/wp-json\/wp\/v2\/product_cat?post=1631"},{"taxonomy":"product_tag","embeddable":true,"href":"https:\/\/torille.net\/et\/wp-json\/wp\/v2\/product_tag?post=1631"}],"curies":[{"name":"wp","href":"https:\/\/api.w.org\/{rel}","templated":true}]}}